{"id":102,"date":"2021-02-23T13:27:24","date_gmt":"2021-02-23T12:27:24","guid":{"rendered":"https:\/\/golden-kantor.eu\/?page_id=102"},"modified":"2023-01-08T21:58:01","modified_gmt":"2023-01-08T20:58:01","slug":"o-nas","status":"publish","type":"page","link":"https:\/\/golden-kantor.eu\/de\/","title":{"rendered":"O nas"},"content":{"rendered":"\n<h2 class=\"wp-block-heading\"><strong>Golden Kantor<\/strong><\/h2>\n\n\n\n<p>ist ein Unternehmen, das seit 2010 auf dem Markt ist und \u00fcber betr\u00e4chtliche Erfahrung in seiner Branche verf\u00fcgt.<\/p>\n\n\n\n<p>Innerhalb von mehreren Jahren unserer T\u00e4tigkeit, haben wir uns beruflich, in Bezug auf die Analyse des W\u00e4hrungsmarkts, entwickelt. Dank dessen k\u00f6nnen unsere Kunden auf professionelle Beratung und die g\u00fcnstigsten Bedingungen f\u00fcr die Zusammenarbeit z\u00e4hlen.<\/p>\n\n\n\n<p>Aufgrund unserer Professionalit\u00e4t und Sicherheit der Transaktionen, die wir gew\u00e4hrleisten, ist es uns gelungen, eine zahlreiche Gruppe von individuellen und institutionellen Kunden zu gewinnen.<\/p>\n\n\n\n<div style=\"height:45px\" aria-hidden=\"true\" class=\"wp-block-spacer\"><\/div>\n\n\n\n<h2 class=\"wp-block-heading\"><strong>Wir bieten<\/strong>&nbsp;<\/h2>\n\n\n\n<p>ein breites Dienstleistungsangebot, <strong>die M\u00f6glichkeit Preisen zu verhandeln<\/strong> sowie Kurse und Abrechnungen \u00fcber Bankkonten zu buchen.<\/p>\n\n\n\n<p><strong>Wir garantieren die h\u00f6chste Servicequalit\u00e4t und Betreuung von Interessen des Kunden.<br><\/strong>Wir regen nicht nur Privatpersonen, sondern auch Unternehmen an, zu einer dauerhaften Zusammenarbeit zu sehr g\u00fcnstigen Bedingungen.&nbsp;<\/p>\n\n\n\n<p><strong>Es ist bei uns, wo Sie die bestm\u00f6glichen Wechselkurse finden.<\/strong><\/p>\n\n\n\n<p>Hier kaufen und verkaufen Sie zu attraktiven Preisen:<\/p>\n\n\n\n<p><strong>Anlagem\u00fcnzen, Goldplatzierungsbarren und andere Anlage- und Sammlerprodukte sowie numismatische Gegenst\u00e4nde.<\/strong><\/p>\n\n\n\n<p>Dank der Zusammenarbeit mit unseren Gesch\u00e4ftspartnern, r\u00fchmen wir uns einer Vielzahl von zufriedenen Kunden aus ganz Europa, die permanent mit uns zusammenarbeiten oder gerne zu uns zur\u00fcckkehren.<\/p>\n","protected":false},"excerpt":{"rendered":"<p>Golden Kantor ist ein Unternehmen, das seit 2010 auf dem Markt ist und \u00fcber betr\u00e4chtliche Erfahrung in seiner Branche verf\u00fcgt. Innerhalb von mehreren Jahren unserer T\u00e4tigkeit, haben wir uns beruflich, in Bezug auf die Analyse des W\u00e4hrungsmarkts, entwickelt. Dank dessen k\u00f6nnen unsere Kunden auf professionelle Beratung und die g\u00fcnstigsten Bedingungen f\u00fcr die Zusammenarbeit z\u00e4hlen. Aufgrund [&hellip;]<\/p>\n","protected":false},"author":2,"featured_media":0,"parent":0,"menu_order":0,"comment_status":"closed","ping_status":"closed","template":"page-about.php","meta":{"footnotes":""},"class_list":["post-102","page","type-page","status-publish","hentry"],"_links":{"self":[{"href":"https:\/\/golden-kantor.eu\/de\/wp-json\/wp\/v2\/pages\/102","targetHints":{"allow":["GET"]}}],"collection":[{"href":"https:\/\/golden-kantor.eu\/de\/wp-json\/wp\/v2\/pages"}],"about":[{"href":"https:\/\/golden-kantor.eu\/de\/wp-json\/wp\/v2\/types\/page"}],"author":[{"embeddable":true,"href":"https:\/\/golden-kantor.eu\/de\/wp-json\/wp\/v2\/users\/2"}],"replies":[{"embeddable":true,"href":"https:\/\/golden-kantor.eu\/de\/wp-json\/wp\/v2\/comments?post=102"}],"version-history":[{"count":0,"href":"https:\/\/golden-kantor.eu\/de\/wp-json\/wp\/v2\/pages\/102\/revisions"}],"wp:attachment":[{"href":"https:\/\/golden-kantor.eu\/de\/wp-json\/wp\/v2\/media?parent=102"}],"curies":[{"name":"wp","href":"https:\/\/api.w.org\/{rel}","templated":true}]}}